{"id":668,"date":"2021-02-16T16:53:31","date_gmt":"2021-02-16T14:53:31","guid":{"rendered":"https:\/\/fidorium.com\/ota-yhteys\/"},"modified":"2021-08-16T13:52:44","modified_gmt":"2021-08-16T11:52:44","slug":"ota-yhteys","status":"publish","type":"page","link":"https:\/\/cipherpunks.fi\/fi\/ota-yhteys\/","title":{"rendered":"Ota yhteys"},"content":{"rendered":"<div id=\"cs-content\" class=\"cs-content\"><\/div>\n","protected":false},"excerpt":{"rendered":"<p>Ciptor Finland &#8211; ota yhteys Miksi me? Tiimimme t\u00e4\u00e4ll\u00e4 Ciptorilla on aidosti innoissaan FIDO ratkaisuista ja olemme sitoutuneet auttamaan asiakkaamme salasanattomuuden kanssa. Samalla kun pid\u00e4mme olla v\u00e4h\u00e4n erilaisia ja uusia, uskomme ja tied\u00e4mme ett\u00e4 perinteisten MFA ratkaisuiden ja innovatiivisten seuraavan sukupolven FIDO ratkaisujen v\u00e4lill\u00e4 on ratkaiseva ero. Ja on meid\u00e4n teht\u00e4v\u00e4mme auttaa asiakkaitamme my\u00f6s ymm\u00e4rt\u00e4m\u00e4\u00e4n tuo ero. Samalla kun pid\u00e4mme &#8230; <\/p>\n<div><a href=\"https:\/\/cipherpunks.fi\/fi\/ota-yhteys\/\" class=\"more-link\">Read More<\/a><\/div>\n","protected":false},"author":1,"featured_media":0,"parent":0,"menu_order":0,"comment_status":"closed","ping_status":"closed","template":"template-blank-1.php","meta":{"footnotes":""},"class_list":["post-668","page","type-page","status-publish","hentry","no-post-thumbnail"],"_links":{"self":[{"href":"https:\/\/cipherpunks.fi\/fi\/wp-json\/wp\/v2\/pages\/668","targetHints":{"allow":["GET"]}}],"collection":[{"href":"https:\/\/cipherpunks.fi\/fi\/wp-json\/wp\/v2\/pages"}],"about":[{"href":"https:\/\/cipherpunks.fi\/fi\/wp-json\/wp\/v2\/types\/page"}],"author":[{"embeddable":true,"href":"https:\/\/cipherpunks.fi\/fi\/wp-json\/wp\/v2\/users\/1"}],"replies":[{"embeddable":true,"href":"https:\/\/cipherpunks.fi\/fi\/wp-json\/wp\/v2\/comments?post=668"}],"version-history":[{"count":4,"href":"https:\/\/cipherpunks.fi\/fi\/wp-json\/wp\/v2\/pages\/668\/revisions"}],"predecessor-version":[{"id":787,"href":"https:\/\/cipherpunks.fi\/fi\/wp-json\/wp\/v2\/pages\/668\/revisions\/787"}],"wp:attachment":[{"href":"https:\/\/cipherpunks.fi\/fi\/wp-json\/wp\/v2\/media?parent=668"}],"curies":[{"name":"wp","href":"https:\/\/api.w.org\/{rel}","templated":true}]}}